{"id":24466,"date":"2024-08-11T00:12:45","date_gmt":"2024-08-10T21:12:45","guid":{"rendered":"https:\/\/marwood.com.tr\/?page_id=24466"},"modified":"2026-04-07T13:29:04","modified_gmt":"2026-04-07T10:29:04","slug":"contact-us","status":"publish","type":"page","link":"https:\/\/marwood.com.tr\/en\/contact-us\/","title":{"rendered":"Contact us"},"content":{"rendered":"\t\t<div data-elementor-type=\"wp-page\" data-elementor-id=\"24466\" class=\"elementor elementor-24466 elementor-1381\" data-elementor-post-type=\"page\">\n\t\t\t\t<div class=\"wd-negative-gap elementor-element elementor-element-a06d4e7 e-flex e-con-boxed e-con e-parent\" data-id=\"a06d4e7\" data-element_type=\"container\">\n\t\t\t\t\t<div class=\"e-con-inner\">\n\t\t\t\t<div class=\"elementor-element elementor-element-dcffbe4 elementor-widget elementor-widget-heading\" data-id=\"dcffbe4\" data-element_type=\"widget\" data-widget_type=\"heading.default\">\n\t\t\t\t<div class=\"elementor-widget-container\">\n\t\t\t\t\t<h1 class=\"elementor-heading-title elementor-size-default\">Contact us<\/h1>\t\t\t\t<\/div>\n\t\t\t\t<\/div>\n\t\t\t\t\t<\/div>\n\t\t\t\t<\/div>\n\t\t<div class=\"wd-negative-gap elementor-element elementor-element-2bf3c77 e-flex e-con-boxed e-con e-parent\" data-id=\"2bf3c77\" data-element_type=\"container\">\n\t\t\t\t\t<div class=\"e-con-inner\">\n\t\t<div class=\"elementor-element elementor-element-97dcf2e e-con-full e-flex e-con e-child\" data-id=\"97dcf2e\" data-element_type=\"container\">\n\t\t\t\t<div class=\"elementor-element elementor-element-1393aa6 dce_masking-none elementor-widget elementor-widget-image\" data-id=\"1393aa6\" data-element_type=\"widget\" data-widget_type=\"image.default\">\n\t\t\t\t<div class=\"elementor-widget-container\">\n\t\t\t\t\t\t\t\t\t\t\t\t\t\t\t<img fetchpriority=\"high\" decoding=\"async\" width=\"1920\" height=\"1080\" src=\"https:\/\/marwood.com.tr\/wp-content\/uploads\/mw-iletisim-sayfasi-slider-1.jpg\" class=\"attachment-full size-full wp-image-51698\" alt=\"\" srcset=\"https:\/\/marwood.com.tr\/wp-content\/uploads\/mw-iletisim-sayfasi-slider-1.jpg 1920w, https:\/\/marwood.com.tr\/wp-content\/uploads\/mw-iletisim-sayfasi-slider-1-600x338.jpg 600w, https:\/\/marwood.com.tr\/wp-content\/uploads\/mw-iletisim-sayfasi-slider-1-150x84.jpg 150w\" sizes=\"(max-width: 1920px) 100vw, 1920px\" \/>\t\t\t\t\t\t\t\t\t\t\t\t\t\t\t<\/div>\n\t\t\t\t<\/div>\n\t\t\t\t<\/div>\n\t\t<div class=\"elementor-element elementor-element-f6043db e-con-full e-flex e-con e-child\" data-id=\"f6043db\" data-element_type=\"container\">\n\t\t\t\t<div class=\"elementor-element elementor-element-18be86f elementor-widget elementor-widget-heading\" data-id=\"18be86f\" data-element_type=\"widget\" data-widget_type=\"heading.default\">\n\t\t\t\t<div class=\"elementor-widget-container\">\n\t\t\t\t\t<p class=\"elementor-heading-title elementor-size-default\">\u00d6ZG\u00dcR \u00c7EL\u0130K OF\u0130S MOB\u0130LYALARI \u0130MALAT SANAY\u0130 VE T\u0130CARET ANON\u0130M \u015e\u0130RKET\u0130<\/p>\t\t\t\t<\/div>\n\t\t\t\t<\/div>\n\t\t\t\t<div class=\"elementor-element elementor-element-b0503ae elementor-icon-list--layout-traditional elementor-list-item-link-full_width elementor-widget elementor-widget-icon-list\" data-id=\"b0503ae\" data-element_type=\"widget\" data-widget_type=\"icon-list.default\">\n\t\t\t\t<div class=\"elementor-widget-container\">\n\t\t\t\t\t\t\t<ul class=\"elementor-icon-list-items\">\n\t\t\t\t\t\t\t<li class=\"elementor-icon-list-item\">\n\t\t\t\t\t\t\t\t\t\t\t<span class=\"elementor-icon-list-icon\">\n\t\t\t\t\t\t\t<svg xmlns=\"http:\/\/www.w3.org\/2000\/svg\" width=\"24\" height=\"24\" viewBox=\"0 0 24 24\" fill=\"none\"><path d=\"M12.0001 23.2234C11.859 23.2234 11.6472 23.1528 11.506 23.0117C3.38836 14.894 3.60013 9.74107 3.60013 9.10578C3.60013 4.51754 7.4119 0.776367 12.0001 0.776367C16.5884 0.776367 20.4001 4.51754 20.4001 9.10578C20.4707 9.67048 20.6119 14.8234 12.4942 23.0117C12.3531 23.1528 12.2119 23.2234 12.0001 23.2234ZM12.0001 2.11754C8.11778 2.11754 4.94131 5.29401 4.94131 9.17637V9.24696C4.94131 9.31754 4.58837 13.9764 12.0001 21.5999C19.4825 13.9058 19.059 9.24695 19.059 9.17637V9.10578C19.059 5.29401 15.8825 2.11754 12.0001 2.11754Z\" fill=\"black\"><\/path><path d=\"M12 13.0587C9.88238 13.0587 8.11768 11.2939 8.11768 9.1763C8.11768 7.05865 9.88238 5.29395 12 5.29395C14.1177 5.29395 15.8824 7.05865 15.8824 9.1763C15.8824 11.2939 14.1177 13.0587 12 13.0587ZM12 6.63512C10.5883 6.63512 9.45885 7.76453 9.45885 9.1763C9.45885 10.5881 10.5883 11.7175 12 11.7175C13.4118 11.7175 14.5412 10.5881 14.5412 9.1763C14.5412 7.76453 13.4118 6.63512 12 6.63512Z\" fill=\"black\"><\/path><\/svg>\t\t\t\t\t\t<\/span>\n\t\t\t\t\t\t\t\t\t\t<span class=\"elementor-icon-list-text\">Sinanpa\u015fa Mahallesi Hasf\u0131r\u0131n Caddesi Sinanpa\u015fa \u0130\u015f Merkezi Kat:5&nbsp;Daire:361 Be\u015fikta\u015f \/ \u0130stanbul<\/span>\n\t\t\t\t\t\t\t\t\t<\/li>\n\t\t\t\t\t\t\t\t<li class=\"elementor-icon-list-item\">\n\t\t\t\t\t\t\t\t\t\t\t<span class=\"elementor-icon-list-icon\">\n\t\t\t\t\t\t\t<svg xmlns=\"http:\/\/www.w3.org\/2000\/svg\" width=\"24\" height=\"24\" viewBox=\"0 0 24 24\" fill=\"none\"><path d=\"M12.0001 23.2234C11.859 23.2234 11.6472 23.1528 11.506 23.0117C3.38836 14.894 3.60013 9.74107 3.60013 9.10578C3.60013 4.51754 7.4119 0.776367 12.0001 0.776367C16.5884 0.776367 20.4001 4.51754 20.4001 9.10578C20.4707 9.67048 20.6119 14.8234 12.4942 23.0117C12.3531 23.1528 12.2119 23.2234 12.0001 23.2234ZM12.0001 2.11754C8.11778 2.11754 4.94131 5.29401 4.94131 9.17637V9.24696C4.94131 9.31754 4.58837 13.9764 12.0001 21.5999C19.4825 13.9058 19.059 9.24695 19.059 9.17637V9.10578C19.059 5.29401 15.8825 2.11754 12.0001 2.11754Z\" fill=\"black\"><\/path><path d=\"M12 13.0587C9.88238 13.0587 8.11768 11.2939 8.11768 9.1763C8.11768 7.05865 9.88238 5.29395 12 5.29395C14.1177 5.29395 15.8824 7.05865 15.8824 9.1763C15.8824 11.2939 14.1177 13.0587 12 13.0587ZM12 6.63512C10.5883 6.63512 9.45885 7.76453 9.45885 9.1763C9.45885 10.5881 10.5883 11.7175 12 11.7175C13.4118 11.7175 14.5412 10.5881 14.5412 9.1763C14.5412 7.76453 13.4118 6.63512 12 6.63512Z\" fill=\"black\"><\/path><\/svg>\t\t\t\t\t\t<\/span>\n\t\t\t\t\t\t\t\t\t\t<span class=\"elementor-icon-list-text\">Nizip Organize Sanayi B\u00f6lgesi 5. Cadde No: 16 Nizip \/ Gaziantep<\/span>\n\t\t\t\t\t\t\t\t\t<\/li>\n\t\t\t\t\t\t\t\t<li class=\"elementor-icon-list-item\">\n\t\t\t\t\t\t\t\t\t\t\t<span class=\"elementor-icon-list-icon\">\n\t\t\t\t\t\t\t<svg xmlns=\"http:\/\/www.w3.org\/2000\/svg\" width=\"28\" height=\"24\" viewBox=\"0 0 28 24\" fill=\"none\"><g clip-path=\"url(#clip0_958_3660)\"><path d=\"M19.5254 0.650679L18.4678 0.162543C17.8169 -0.0815248 17.1661 -0.0815248 16.5152 0.162543C15.9457 0.406611 15.4576 0.81339 15.2135 1.46424L13.5051 5.69475C13.0169 6.91509 13.5864 8.37949 14.8881 8.86763L15.9458 9.35576C15.1322 11.5524 13.9932 13.6676 12.6102 15.4575L11.6339 14.8066C10.4949 13.9931 8.94914 14.2371 8.21694 15.3761L5.61355 19.1185C5.28812 19.6066 5.12541 20.2575 5.20677 20.9083C5.28812 21.5592 5.6949 22.1286 6.26439 22.5354L7.24067 23.1863C8.13558 23.8371 9.11185 24.0812 10.1695 24.0812C11.4712 24.0812 12.7729 23.5931 13.6678 22.5354C18.3864 18.8744 21.722 12.8541 22.4542 6.91508V6.75237C23.1864 4.3117 21.9661 1.70831 19.5254 0.650679ZM20.9085 6.26424C20.9085 6.34559 20.9085 6.34559 20.8271 6.42695V6.67102C20.1763 12.2846 17.0034 17.8981 12.6102 21.3151L12.5288 21.3964C11.4712 22.6168 9.51863 22.7795 8.05422 21.8032L6.9966 21.1524C6.75253 20.9897 6.58982 20.7456 6.58982 20.5015C6.58982 20.2575 6.58982 20.0947 6.75253 19.8507L9.35592 16.1083C9.51863 15.8642 9.7627 15.7829 10.0881 15.7829C10.3322 15.7829 10.4949 15.8642 10.6576 15.9456L11.6339 16.5964C11.7966 16.6778 11.9593 16.8405 12.122 17.0032C12.2847 17.1659 12.4474 17.2473 12.6915 17.2473C12.9356 17.2473 13.0983 17.1659 13.261 17.0032C15.1322 14.6439 16.678 11.9592 17.5729 9.11169C17.6542 8.94898 17.6542 8.70492 17.4915 8.5422C17.3288 8.37949 17.2474 8.13542 17.0847 8.13542C16.8407 8.05407 16.678 8.05407 16.5152 7.97271L15.4576 7.48458C14.9695 7.24051 14.7254 6.75237 14.8881 6.26424L16.5966 2.03373C16.678 1.87102 16.8407 1.70831 17.0847 1.62695C17.3288 1.54559 17.5729 1.54559 17.8983 1.62695L18.9559 2.11509C20.6644 2.76593 21.478 4.63712 20.9085 6.26424Z\" fill=\"black\"><\/path><\/g><defs><clipPath id=\"clip0_958_3660\"><rect width=\"27.661\" height=\"24\" fill=\"white\"><\/rect><\/clipPath><\/defs><\/svg>\t\t\t\t\t\t<\/span>\n\t\t\t\t\t\t\t\t\t\t<span class=\"elementor-icon-list-text\">+90 342 513 00 16<\/span>\n\t\t\t\t\t\t\t\t\t<\/li>\n\t\t\t\t\t\t\t\t<li class=\"elementor-icon-list-item\">\n\t\t\t\t\t\t\t\t\t\t\t<a href=\"mailto:info@marwood.com.tr\">\n\n\t\t\t\t\t\t\t\t\t\t\t\t<span class=\"elementor-icon-list-icon\">\n\t\t\t\t\t\t\t<svg xmlns=\"http:\/\/www.w3.org\/2000\/svg\" width=\"29\" height=\"24\" viewBox=\"0 0 29 24\" fill=\"none\"><path d=\"M25.2723 4.24012C25.2723 4.15532 25.2723 4.15532 25.2723 4.24012C25.1875 4.07051 25.1875 4.07051 25.1027 3.98571C25.1027 3.98571 25.1026 3.98571 25.0178 3.9009C24.933 3.8161 24.8482 3.8161 24.7634 3.73129C24.6786 3.73129 24.5938 3.64648 24.509 3.64648H4.32526C4.24046 3.64648 4.15565 3.64648 4.07085 3.73129C3.98604 3.73129 3.90123 3.8161 3.81643 3.9009C3.81643 3.9009 3.81643 3.9009 3.73162 3.98571C3.64682 3.98571 3.64682 4.07051 3.64682 4.15532V4.24012C3.64682 4.32493 3.56201 4.40974 3.56201 4.49454V19.5899C3.56201 20.014 3.90123 20.3532 4.32526 20.3532H24.5938C25.0178 20.3532 25.3571 20.014 25.3571 19.5899V4.49454C25.3571 4.40974 25.2723 4.32493 25.2723 4.24012ZM22.4737 5.25779L14.4171 12.2967L6.4454 5.25779H22.4737ZM23.7458 18.7419H5.08851V6.19065L13.9083 13.908C14.2475 14.1624 14.6716 14.1624 14.926 13.908L23.7458 6.19065V18.7419Z\" fill=\"black\"><\/path><\/svg>\t\t\t\t\t\t<\/span>\n\t\t\t\t\t\t\t\t\t\t<span class=\"elementor-icon-list-text\">info@marwood.com.tr<\/span>\n\t\t\t\t\t\t\t\t\t\t\t<\/a>\n\t\t\t\t\t\t\t\t\t<\/li>\n\t\t\t\t\t\t<\/ul>\n\t\t\t\t\t\t<\/div>\n\t\t\t\t<\/div>\n\t\t\t\t<div data-dce-background-color=\"#7C615100\" class=\"elementor-element elementor-element-d7e70f8 elementor-align-left elementor-widget elementor-widget-button\" data-id=\"d7e70f8\" data-element_type=\"widget\" data-widget_type=\"button.default\">\n\t\t\t\t<div class=\"elementor-widget-container\">\n\t\t\t\t\t\t\t\t\t<div class=\"elementor-button-wrapper\">\n\t\t\t\t\t<a class=\"elementor-button elementor-button-link elementor-size-sm\" href=\"https:\/\/maps.app.goo.gl\/y1Eeh5SzwhWvXwGNA\" target=\"_blank\">\n\t\t\t\t\t\t<span class=\"elementor-button-content-wrapper\">\n\t\t\t\t\t\t<span class=\"elementor-button-icon\">\n\t\t\t\t<svg xmlns=\"http:\/\/www.w3.org\/2000\/svg\" width=\"20\" height=\"20\" viewBox=\"0 0 20 20\" fill=\"none\"><path d=\"M19.75 9.6401L10.85 0.750098C10.65 0.550098 10.34 0.550098 10.14 0.750098C9.94 0.950098 9.94 1.2601 10.14 1.4601L18.18 9.5001H0.5C0.22 9.5001 0 9.7201 0 10.0001C0 10.2801 0.22 10.5001 0.5 10.5001H18.19L10.15 18.5401C9.95 18.7401 9.95 19.0501 10.15 19.2501C10.25 19.3501 10.38 19.4001 10.5 19.4001C10.62 19.4001 10.76 19.3501 10.85 19.2501L19.75 10.3501C19.95 10.1501 19.95 9.8401 19.75 9.6401Z\" fill=\"#231F20\"><\/path><\/svg>\t\t\t<\/span>\n\t\t\t\t\t\t\t\t\t<span class=\"elementor-button-text\">VIEW MAP<\/span>\n\t\t\t\t\t<\/span>\n\t\t\t\t\t<\/a>\n\t\t\t\t<\/div>\n\t\t\t\t\t\t\t\t<\/div>\n\t\t\t\t<\/div>\n\t\t\t\t<\/div>\n\t\t\t\t\t<\/div>\n\t\t\t\t<\/div>\n\t\t<div class=\"wd-negative-gap elementor-element elementor-element-1a81f6b e-flex e-con-boxed e-con e-parent\" data-id=\"1a81f6b\" data-element_type=\"container\">\n\t\t\t\t\t<div class=\"e-con-inner\">\n\t\t<div class=\"elementor-element elementor-element-e87b29a e-con-full e-flex e-con e-child\" data-id=\"e87b29a\" data-element_type=\"container\">\n\t\t\t\t<div class=\"elementor-element elementor-element-e23869e elementor-widget elementor-widget-heading\" data-id=\"e23869e\" data-element_type=\"widget\" data-widget_type=\"heading.default\">\n\t\t\t\t<div class=\"elementor-widget-container\">\n\t\t\t\t\t<h3 class=\"elementor-heading-title elementor-size-default\">Got any questions?<br>Write to us<br>and get quick<br>answers!<\/h3>\t\t\t\t<\/div>\n\t\t\t\t<\/div>\n\t\t\t\t<\/div>\n\t\t<div class=\"elementor-element elementor-element-c11a571 e-con-full e-flex e-con e-child\" data-id=\"c11a571\" data-element_type=\"container\">\n\t\t\t\t<div class=\"elementor-element elementor-element-6b5b0ab elementor-button-align-end elementor-widget elementor-widget-form\" data-id=\"6b5b0ab\" data-element_type=\"widget\" data-settings=\"{&quot;step_next_label&quot;:&quot;Next&quot;,&quot;step_previous_label&quot;:&quot;Previous&quot;,&quot;dce_confirm_dialog_enabled&quot;:&quot;no&quot;,&quot;step_type&quot;:&quot;number_text&quot;,&quot;step_icon_shape&quot;:&quot;circle&quot;,&quot;label_icon_size&quot;:{&quot;unit&quot;:&quot;px&quot;,&quot;size&quot;:&quot;&quot;,&quot;sizes&quot;:[]},&quot;field_icon_size&quot;:{&quot;unit&quot;:&quot;px&quot;,&quot;size&quot;:&quot;&quot;,&quot;sizes&quot;:[]}}\" data-widget_type=\"form.default\">\n\t\t\t\t<div class=\"elementor-widget-container\">\n\t\t\t\t\t\t\t<form class=\"elementor-form\" method=\"post\" name=\"Contact Form EN\" aria-label=\"Contact Form EN\">\n\t\t\t<input type=\"hidden\" name=\"post_id\" value=\"24466\"\/>\n\t\t\t<input type=\"hidden\" name=\"form_id\" value=\"6b5b0ab\"\/>\n\t\t\t<input type=\"hidden\" name=\"referer_title\" value=\"Contact us - Marwood\" \/>\n\n\t\t\t\t\t\t\t<input type=\"hidden\" name=\"queried_id\" value=\"24466\"\/>\n\t\t\t\n\t\t\t<div class=\"elementor-form-fields-wrapper elementor-labels-above\">\n\t\t\t\t\t\t\t\t<div class=\"elementor-field-type-text elementor-field-group elementor-column elementor-field-group-isim elementor-col-100\">\n\t\t\t\t\t\t\t\t\t\t\t\t<label for=\"form-field-isim\" class=\"elementor-field-label\">\n\t\t\t\t\t\t\t\tName\t\t\t\t\t\t\t<\/label>\n\t\t\t\t\t\t\t\t\t\t\t\t\t\t<input size=\"1\" type=\"text\" name=\"form_fields[isim]\" id=\"form-field-isim\" class=\"elementor-field elementor-size-md  elementor-field-textual\">\n\t\t\t\t\t\t\t\t\t\t\t<\/div>\n\t\t\t\t\t\t\t\t<div class=\"elementor-field-type-email elementor-field-group elementor-column elementor-field-group-email elementor-col-50 elementor-field-required elementor-mark-required\">\n\t\t\t\t\t\t\t\t\t\t\t\t<label for=\"form-field-email\" class=\"elementor-field-label\">\n\t\t\t\t\t\t\t\tE-Mail\t\t\t\t\t\t\t<\/label>\n\t\t\t\t\t\t\t\t\t\t\t\t\t\t<input size=\"1\" type=\"email\" name=\"form_fields[email]\" id=\"form-field-email\" class=\"elementor-field elementor-size-md  elementor-field-textual\" required=\"required\">\n\t\t\t\t\t\t\t\t\t\t\t<\/div>\n\t\t\t\t\t\t\t\t<div class=\"elementor-field-type-tel elementor-field-group elementor-column elementor-field-group-telefon elementor-col-50 elementor-field-required elementor-mark-required\">\n\t\t\t\t\t\t\t\t\t\t\t\t<label for=\"form-field-telefon\" class=\"elementor-field-label\">\n\t\t\t\t\t\t\t\tTelephone\t\t\t\t\t\t\t<\/label>\n\t\t\t\t\t\t\t\t<input size=\"1\" type=\"tel\" name=\"form_fields[telefon]\" id=\"form-field-telefon\" class=\"elementor-field elementor-size-md  elementor-field-textual\" required=\"required\" pattern=\"[0-9()#&amp;+*-=.]+\" title=\"Only numbers and phone characters (#, -, *, etc) are accepted.\">\n\n\t\t\t\t\t\t<\/div>\n\t\t\t\t\t\t\t\t<div class=\"elementor-field-type-select elementor-field-group elementor-column elementor-field-group-departman elementor-col-50\">\n\t\t\t\t\t\t\t\t\t\t\t\t<label for=\"form-field-departman\" class=\"elementor-field-label\">\n\t\t\t\t\t\t\t\tDepartment\t\t\t\t\t\t\t<\/label>\n\t\t\t\t\t\t\t\t<div class=\"elementor-field elementor-select-wrapper remove-before \">\n\t\t\t<div class=\"select-caret-down-wrapper\">\n\t\t\t\t<svg aria-hidden=\"true\" class=\"e-font-icon-svg e-eicon-caret-down\" viewBox=\"0 0 571.4 571.4\" xmlns=\"http:\/\/www.w3.org\/2000\/svg\"><path d=\"M571 393Q571 407 561 418L311 668Q300 679 286 679T261 668L11 418Q0 407 0 393T11 368 36 357H536Q550 357 561 368T571 393Z\"><\/path><\/svg>\t\t\t<\/div>\n\t\t\t<select name=\"form_fields[departman]\" id=\"form-field-departman\" class=\"elementor-field-textual elementor-size-md\">\n\t\t\t\t\t\t\t\t\t<option value=\"o.demircan@marwood.com.tr\">General<\/option>\n\t\t\t\t\t\t\t\t\t<option value=\"o.demircan@marwood.com.tr\">HR<\/option>\n\t\t\t\t\t\t\t\t\t<option value=\"o.demircan@marwood.com.tr\">Technical Support<\/option>\n\t\t\t\t\t\t\t\t\t<option value=\"o.demircan@marwood.com.tr\">Sales Consultant<\/option>\n\t\t\t\t\t\t\t<\/select>\n\t\t<\/div>\n\t\t\t\t\t\t<\/div>\n\t\t\t\t\t\t\t\t<div class=\"elementor-field-type-text elementor-field-group elementor-column elementor-field-group-konu elementor-col-50\">\n\t\t\t\t\t\t\t\t\t\t\t\t<label for=\"form-field-konu\" class=\"elementor-field-label\">\n\t\t\t\t\t\t\t\tSubject\t\t\t\t\t\t\t<\/label>\n\t\t\t\t\t\t\t\t\t\t\t\t\t\t<input size=\"1\" type=\"text\" name=\"form_fields[konu]\" id=\"form-field-konu\" class=\"elementor-field elementor-size-md  elementor-field-textual\">\n\t\t\t\t\t\t\t\t\t\t\t<\/div>\n\t\t\t\t\t\t\t\t<div class=\"elementor-field-type-textarea elementor-field-group elementor-column elementor-field-group-mesaj elementor-col-100\">\n\t\t\t\t\t\t\t\t\t\t\t\t<label for=\"form-field-mesaj\" class=\"elementor-field-label\">\n\t\t\t\t\t\t\t\tMessage\t\t\t\t\t\t\t<\/label>\n\t\t\t\t\t\t<textarea class=\"elementor-field-textual elementor-field  elementor-size-md\" name=\"form_fields[mesaj]\" id=\"form-field-mesaj\" rows=\"4\"><\/textarea>\t\t\t\t<\/div>\n\t\t\t\t\t\t\t\t<div class=\"elementor-field-type-checkbox elementor-field-group elementor-column elementor-field-group-kvkk elementor-col-50\">\n\t\t\t\t\t<div class=\"elementor-field-subgroup  \"><span class=\"elementor-field-option\"><input type=\"checkbox\" value=\"I have read and approved the KVKK text.\" id=\"form-field-kvkk-0\" name=\"form_fields[kvkk]\"> <label for=\"form-field-kvkk-0\">I have read and approved the KVKK text.<\/label><\/span><\/div>\t\t\t\t<\/div>\n\t\t\t\t\t\t\t\t<div class=\"elementor-field-type-recaptcha elementor-field-group elementor-column elementor-field-group-field_5b58453 elementor-col-100\">\n\t\t\t\t\t<div class=\"elementor-field\" id=\"form-field-field_5b58453\"><div class=\"elementor-g-recaptcha\" data-sitekey=\"6Lcc9YMqAAAAANg9ZzazkwNakdrQUD7XZH3tglEY\" data-type=\"v2_checkbox\" data-theme=\"light\" data-size=\"normal\"><\/div><\/div>\t\t\t\t<\/div>\n\t\t\t\t\t\t\t\t<div class=\"elementor-field-group elementor-column elementor-field-type-submit elementor-col-100 e-form__buttons\">\n\t\t\t\t\t<button class=\"elementor-button elementor-size-sm\" type=\"submit\">\n\t\t\t\t\t\t<span class=\"elementor-button-content-wrapper\">\n\t\t\t\t\t\t\t\t\t\t\t\t\t\t\t\t\t\t\t\t\t\t<span class=\"elementor-button-text\">SEND<\/span>\n\t\t\t\t\t\t\t\t\t\t\t\t\t<\/span>\n\t\t\t\t\t<\/button>\n\t\t\t\t<\/div>\n\t\t\t<\/div>\n\t\t<\/form>\n\t\t\t\t\t\t<\/div>\n\t\t\t\t<\/div>\n\t\t\t\t<\/div>\n\t\t\t\t\t<\/div>\n\t\t\t\t<\/div>\n\t\t\t\t<\/div>\n\t\t","protected":false},"excerpt":{"rendered":"<p>Contact us \u00d6ZG\u00dcR \u00c7EL\u0130K OF\u0130S MOB\u0130LYALARI \u0130MALAT SANAY\u0130 VE T\u0130CARET ANON\u0130M \u015e\u0130RKET\u0130 Sinanpa\u015fa Mahallesi Hasf\u0131r\u0131n Caddesi Sinanpa\u015fa \u0130\u015f Merkezi Kat:5&nbsp;Daire:361<\/p>\n","protected":false},"author":1,"featured_media":0,"parent":0,"menu_order":0,"comment_status":"closed","ping_status":"closed","template":"","meta":{"_acf_changed":false,"footnotes":""},"class_list":["post-24466","page","type-page","status-publish","hentry"],"acf":[],"yoast_head":"<!-- This site is optimized with the Yoast SEO plugin v26.6 - https:\/\/yoast.com\/wordpress\/plugins\/seo\/ -->\n<title>Contact us - Marwood<\/title>\n<meta name=\"robots\" content=\"index, follow, max-snippet:-1, max-image-preview:large, max-video-preview:-1\" \/>\n<link rel=\"canonical\" href=\"https:\/\/marwood.com.tr\/en\/contact-us\/\" \/>\n<meta property=\"og:locale\" content=\"en_US\" \/>\n<meta property=\"og:type\" content=\"article\" \/>\n<meta property=\"og:title\" content=\"Contact us - Marwood\" \/>\n<meta property=\"og:description\" content=\"Contact us \u00d6ZG\u00dcR \u00c7EL\u0130K OF\u0130S MOB\u0130LYALARI \u0130MALAT SANAY\u0130 VE T\u0130CARET ANON\u0130M \u015e\u0130RKET\u0130 Sinanpa\u015fa Mahallesi Hasf\u0131r\u0131n Caddesi Sinanpa\u015fa \u0130\u015f Merkezi Kat:5&nbsp;Daire:361\" \/>\n<meta property=\"og:url\" content=\"https:\/\/marwood.com.tr\/en\/contact-us\/\" \/>\n<meta property=\"og:site_name\" content=\"Marwood\" \/>\n<meta property=\"article:modified_time\" content=\"2026-04-07T10:29:04+00:00\" \/>\n<meta property=\"og:image\" content=\"https:\/\/marwood.com.tr\/wp-content\/uploads\/mw-iletisim-sayfasi-slider-1.jpg\" \/>\n\t<meta property=\"og:image:width\" content=\"1920\" \/>\n\t<meta property=\"og:image:height\" content=\"1080\" \/>\n\t<meta property=\"og:image:type\" content=\"image\/jpeg\" \/>\n<meta name=\"twitter:card\" content=\"summary_large_image\" \/>\n<meta name=\"twitter:label1\" content=\"Est. reading time\" \/>\n\t<meta name=\"twitter:data1\" content=\"1 minute\" \/>\n<script type=\"application\/ld+json\" class=\"yoast-schema-graph\">{\"@context\":\"https:\/\/schema.org\",\"@graph\":[{\"@type\":\"WebPage\",\"@id\":\"https:\/\/marwood.com.tr\/en\/contact-us\/\",\"url\":\"https:\/\/marwood.com.tr\/en\/contact-us\/\",\"name\":\"Contact us - Marwood\",\"isPartOf\":{\"@id\":\"https:\/\/marwood.com.tr\/en\/#website\"},\"primaryImageOfPage\":{\"@id\":\"https:\/\/marwood.com.tr\/en\/contact-us\/#primaryimage\"},\"image\":{\"@id\":\"https:\/\/marwood.com.tr\/en\/contact-us\/#primaryimage\"},\"thumbnailUrl\":\"https:\/\/marwood.com.tr\/wp-content\/uploads\/mw-iletisim-sayfasi-slider-1.jpg\",\"datePublished\":\"2024-08-10T21:12:45+00:00\",\"dateModified\":\"2026-04-07T10:29:04+00:00\",\"breadcrumb\":{\"@id\":\"https:\/\/marwood.com.tr\/en\/contact-us\/#breadcrumb\"},\"inLanguage\":\"en-US\",\"potentialAction\":[{\"@type\":\"ReadAction\",\"target\":[\"https:\/\/marwood.com.tr\/en\/contact-us\/\"]}]},{\"@type\":\"ImageObject\",\"inLanguage\":\"en-US\",\"@id\":\"https:\/\/marwood.com.tr\/en\/contact-us\/#primaryimage\",\"url\":\"https:\/\/marwood.com.tr\/wp-content\/uploads\/mw-iletisim-sayfasi-slider-1.jpg\",\"contentUrl\":\"https:\/\/marwood.com.tr\/wp-content\/uploads\/mw-iletisim-sayfasi-slider-1.jpg\"},{\"@type\":\"BreadcrumbList\",\"@id\":\"https:\/\/marwood.com.tr\/en\/contact-us\/#breadcrumb\",\"itemListElement\":[{\"@type\":\"ListItem\",\"position\":1,\"name\":\"Home\",\"item\":\"https:\/\/marwood.com.tr\/en\/\"},{\"@type\":\"ListItem\",\"position\":2,\"name\":\"Contact us\"}]},{\"@type\":\"WebSite\",\"@id\":\"https:\/\/marwood.com.tr\/en\/#website\",\"url\":\"https:\/\/marwood.com.tr\/en\/\",\"name\":\"Marwood\",\"description\":\"better office mood\",\"potentialAction\":[{\"@type\":\"SearchAction\",\"target\":{\"@type\":\"EntryPoint\",\"urlTemplate\":\"https:\/\/marwood.com.tr\/en\/?s={search_term_string}\"},\"query-input\":{\"@type\":\"PropertyValueSpecification\",\"valueRequired\":true,\"valueName\":\"search_term_string\"}}],\"inLanguage\":\"en-US\"}]}<\/script>\n<!-- \/ Yoast SEO plugin. -->","yoast_head_json":{"title":"Contact us - Marwood","robots":{"index":"index","follow":"follow","max-snippet":"max-snippet:-1","max-image-preview":"max-image-preview:large","max-video-preview":"max-video-preview:-1"},"canonical":"https:\/\/marwood.com.tr\/en\/contact-us\/","og_locale":"en_US","og_type":"article","og_title":"Contact us - Marwood","og_description":"Contact us \u00d6ZG\u00dcR \u00c7EL\u0130K OF\u0130S MOB\u0130LYALARI \u0130MALAT SANAY\u0130 VE T\u0130CARET ANON\u0130M \u015e\u0130RKET\u0130 Sinanpa\u015fa Mahallesi Hasf\u0131r\u0131n Caddesi Sinanpa\u015fa \u0130\u015f Merkezi Kat:5&nbsp;Daire:361","og_url":"https:\/\/marwood.com.tr\/en\/contact-us\/","og_site_name":"Marwood","article_modified_time":"2026-04-07T10:29:04+00:00","og_image":[{"width":1920,"height":1080,"url":"https:\/\/marwood.com.tr\/wp-content\/uploads\/mw-iletisim-sayfasi-slider-1.jpg","type":"image\/jpeg"}],"twitter_card":"summary_large_image","twitter_misc":{"Est. reading time":"1 minute"},"schema":{"@context":"https:\/\/schema.org","@graph":[{"@type":"WebPage","@id":"https:\/\/marwood.com.tr\/en\/contact-us\/","url":"https:\/\/marwood.com.tr\/en\/contact-us\/","name":"Contact us - Marwood","isPartOf":{"@id":"https:\/\/marwood.com.tr\/en\/#website"},"primaryImageOfPage":{"@id":"https:\/\/marwood.com.tr\/en\/contact-us\/#primaryimage"},"image":{"@id":"https:\/\/marwood.com.tr\/en\/contact-us\/#primaryimage"},"thumbnailUrl":"https:\/\/marwood.com.tr\/wp-content\/uploads\/mw-iletisim-sayfasi-slider-1.jpg","datePublished":"2024-08-10T21:12:45+00:00","dateModified":"2026-04-07T10:29:04+00:00","breadcrumb":{"@id":"https:\/\/marwood.com.tr\/en\/contact-us\/#breadcrumb"},"inLanguage":"en-US","potentialAction":[{"@type":"ReadAction","target":["https:\/\/marwood.com.tr\/en\/contact-us\/"]}]},{"@type":"ImageObject","inLanguage":"en-US","@id":"https:\/\/marwood.com.tr\/en\/contact-us\/#primaryimage","url":"https:\/\/marwood.com.tr\/wp-content\/uploads\/mw-iletisim-sayfasi-slider-1.jpg","contentUrl":"https:\/\/marwood.com.tr\/wp-content\/uploads\/mw-iletisim-sayfasi-slider-1.jpg"},{"@type":"BreadcrumbList","@id":"https:\/\/marwood.com.tr\/en\/contact-us\/#breadcrumb","itemListElement":[{"@type":"ListItem","position":1,"name":"Home","item":"https:\/\/marwood.com.tr\/en\/"},{"@type":"ListItem","position":2,"name":"Contact us"}]},{"@type":"WebSite","@id":"https:\/\/marwood.com.tr\/en\/#website","url":"https:\/\/marwood.com.tr\/en\/","name":"Marwood","description":"better office mood","potentialAction":[{"@type":"SearchAction","target":{"@type":"EntryPoint","urlTemplate":"https:\/\/marwood.com.tr\/en\/?s={search_term_string}"},"query-input":{"@type":"PropertyValueSpecification","valueRequired":true,"valueName":"search_term_string"}}],"inLanguage":"en-US"}]}},"_links":{"self":[{"href":"https:\/\/marwood.com.tr\/en\/wp-json\/wp\/v2\/pages\/24466","targetHints":{"allow":["GET"]}}],"collection":[{"href":"https:\/\/marwood.com.tr\/en\/wp-json\/wp\/v2\/pages"}],"about":[{"href":"https:\/\/marwood.com.tr\/en\/wp-json\/wp\/v2\/types\/page"}],"author":[{"embeddable":true,"href":"https:\/\/marwood.com.tr\/en\/wp-json\/wp\/v2\/users\/1"}],"replies":[{"embeddable":true,"href":"https:\/\/marwood.com.tr\/en\/wp-json\/wp\/v2\/comments?post=24466"}],"version-history":[{"count":12,"href":"https:\/\/marwood.com.tr\/en\/wp-json\/wp\/v2\/pages\/24466\/revisions"}],"predecessor-version":[{"id":56408,"href":"https:\/\/marwood.com.tr\/en\/wp-json\/wp\/v2\/pages\/24466\/revisions\/56408"}],"wp:attachment":[{"href":"https:\/\/marwood.com.tr\/en\/wp-json\/wp\/v2\/media?parent=24466"}],"curies":[{"name":"wp","href":"https:\/\/api.w.org\/{rel}","templated":true}]}}